{"id":1804,"date":"2025-01-27T18:35:31","date_gmt":"2025-01-27T17:35:31","guid":{"rendered":"https:\/\/www.lpgroup.it\/entreprise\/"},"modified":"2025-06-24T15:27:42","modified_gmt":"2025-06-24T13:27:42","slug":"entreprise","status":"publish","type":"page","link":"https:\/\/www.lpgroup.it\/fr\/entreprise\/","title":{"rendered":"Entreprise"},"content":{"rendered":"\t\t<div data-elementor-type=\"wp-page\" data-elementor-id=\"1804\" class=\"elementor elementor-1804 elementor-315\" data-elementor-post-type=\"page\">\n\t\t\t\t<div class=\"elementor-element elementor-element-70c776f e-con-full e-flex e-con e-parent\" data-id=\"70c776f\" data-element_type=\"container\" data-settings=\"{&quot;background_background&quot;:&quot;classic&quot;}\">\n\t\t\t\t<div class=\"elementor-element elementor-element-90a3da5 elementor-widget__width-inherit elementor-widget elementor-widget-heading\" data-id=\"90a3da5\" data-element_type=\"widget\" data-widget_type=\"heading.default\">\n\t\t\t\t<div class=\"elementor-widget-container\">\n\t\t\t\t\t<h2 class=\"elementor-heading-title elementor-size-default\">Une technologie qui <br>fonctionne au rythme de <br> vos d\u00e9sirs<\/h2>\t\t\t\t<\/div>\n\t\t\t\t<\/div>\n\t\t<div class=\"elementor-element elementor-element-2f07969 e-con-full elementor-hidden-mobile e-flex e-con e-child\" data-id=\"2f07969\" data-element_type=\"container\">\n\t\t\t\t<div class=\"elementor-element elementor-element-66bc7c2 elementor-widget elementor-widget-heading\" data-id=\"66bc7c2\" data-element_type=\"widget\" data-widget_type=\"heading.default\">\n\t\t\t\t<div class=\"elementor-widget-container\">\n\t\t\t\t\t<h5 class=\"elementor-heading-title elementor-size-default\">La mission<\/h5>\t\t\t\t<\/div>\n\t\t\t\t<\/div>\n\t\t\t\t<div class=\"elementor-element elementor-element-0e3c5cd elementor-widget elementor-widget-text-editor\" data-id=\"0e3c5cd\" data-element_type=\"widget\" data-widget_type=\"text-editor.default\">\n\t\t\t\t<div class=\"elementor-widget-container\">\n\t\t\t\t\t\t\t\t\t<p>Donner \u00e0 chaque client la libert\u00e9 de personnaliser, de cr\u00e9er et de r\u00e9aliser exactement ce qu&rsquo;il veut.  <\/p>\t\t\t\t\t\t\t\t<\/div>\n\t\t\t\t<\/div>\n\t\t\t\t<\/div>\n\t\t<div class=\"elementor-element elementor-element-9becf30 e-con-full elementor-hidden-mobile e-flex e-con e-child\" data-id=\"9becf30\" data-element_type=\"container\">\n\t\t\t\t<div class=\"elementor-element elementor-element-6ade30c elementor-widget elementor-widget-heading\" data-id=\"6ade30c\" data-element_type=\"widget\" data-widget_type=\"heading.default\">\n\t\t\t\t<div class=\"elementor-widget-container\">\n\t\t\t\t\t<h5 class=\"elementor-heading-title elementor-size-default\">La vision<\/h5>\t\t\t\t<\/div>\n\t\t\t\t<\/div>\n\t\t\t\t<div class=\"elementor-element elementor-element-86a9bae elementor-widget elementor-widget-text-editor\" data-id=\"86a9bae\" data-element_type=\"widget\" data-widget_type=\"text-editor.default\">\n\t\t\t\t<div class=\"elementor-widget-container\">\n\t\t\t\t\t\t\t\t\t<p>Devenez le partenaire privil\u00e9gi\u00e9 des laboratoires et des industries avec des solutions personnalis\u00e9es qui am\u00e9liorent la production.<\/p>\t\t\t\t\t\t\t\t<\/div>\n\t\t\t\t<\/div>\n\t\t\t\t<\/div>\n\t\t\t\t<\/div>\n\t\t<div class=\"elementor-element elementor-element-de451b2 e-flex e-con-boxed e-con e-parent\" data-id=\"de451b2\" data-element_type=\"container\" data-settings=\"{&quot;background_motion_fx_translateY_effect&quot;:&quot;yes&quot;,&quot;background_motion_fx_translateY_direction&quot;:&quot;negative&quot;,&quot;background_motion_fx_translateX_effect&quot;:&quot;yes&quot;,&quot;background_motion_fx_translateX_direction&quot;:&quot;negative&quot;,&quot;background_motion_fx_translateX_speed&quot;:{&quot;unit&quot;:&quot;px&quot;,&quot;size&quot;:10,&quot;sizes&quot;:[]},&quot;background_motion_fx_translateX_affectedRange&quot;:{&quot;unit&quot;:&quot;%&quot;,&quot;size&quot;:&quot;&quot;,&quot;sizes&quot;:{&quot;start&quot;:17,&quot;end&quot;:100}},&quot;background_motion_fx_translateY_speed&quot;:{&quot;unit&quot;:&quot;px&quot;,&quot;size&quot;:4,&quot;sizes&quot;:[]},&quot;background_motion_fx_translateY_affectedRange&quot;:{&quot;unit&quot;:&quot;%&quot;,&quot;size&quot;:&quot;&quot;,&quot;sizes&quot;:{&quot;start&quot;:0,&quot;end&quot;:100}},&quot;background_motion_fx_devices&quot;:[&quot;desktop&quot;,&quot;tablet&quot;,&quot;mobile&quot;]}\">\n\t\t\t\t\t<div class=\"e-con-inner\">\n\t\t<div class=\"elementor-element elementor-element-1c9b5e3 e-con-full elementor-hidden-desktop elementor-hidden-tablet e-flex e-con e-child\" data-id=\"1c9b5e3\" data-element_type=\"container\">\n\t\t\t\t<div class=\"elementor-element elementor-element-8b44735 elementor-widget elementor-widget-heading\" data-id=\"8b44735\" data-element_type=\"widget\" data-widget_type=\"heading.default\">\n\t\t\t\t<div class=\"elementor-widget-container\">\n\t\t\t\t\t<h5 class=\"elementor-heading-title elementor-size-default\">La mission<\/h5>\t\t\t\t<\/div>\n\t\t\t\t<\/div>\n\t\t\t\t<div class=\"elementor-element elementor-element-cd94e55 elementor-widget elementor-widget-text-editor\" data-id=\"cd94e55\" data-element_type=\"widget\" data-widget_type=\"text-editor.default\">\n\t\t\t\t<div class=\"elementor-widget-container\">\n\t\t\t\t\t\t\t\t\t<p>Donner \u00e0 chaque client la libert\u00e9 de personnaliser, de cr\u00e9er et de r\u00e9aliser exactement ce qu&rsquo;il veut.  <\/p>\t\t\t\t\t\t\t\t<\/div>\n\t\t\t\t<\/div>\n\t\t\t\t<div class=\"elementor-element elementor-element-c4b15f3 elementor-widget elementor-widget-heading\" data-id=\"c4b15f3\" data-element_type=\"widget\" data-widget_type=\"heading.default\">\n\t\t\t\t<div class=\"elementor-widget-container\">\n\t\t\t\t\t<h5 class=\"elementor-heading-title elementor-size-default\">La vision<\/h5>\t\t\t\t<\/div>\n\t\t\t\t<\/div>\n\t\t\t\t<div class=\"elementor-element elementor-element-86fe747 elementor-widget elementor-widget-text-editor\" data-id=\"86fe747\" data-element_type=\"widget\" data-widget_type=\"text-editor.default\">\n\t\t\t\t<div class=\"elementor-widget-container\">\n\t\t\t\t\t\t\t\t\t<p>Devenez le partenaire privil\u00e9gi\u00e9 des laboratoires et des industries avec des solutions personnalis\u00e9es qui am\u00e9liorent la production.<\/p>\t\t\t\t\t\t\t\t<\/div>\n\t\t\t\t<\/div>\n\t\t\t\t<\/div>\n\t\t<div class=\"elementor-element elementor-element-441c8e4 e-con-full e-flex e-con e-child\" data-id=\"441c8e4\" data-element_type=\"container\">\n\t\t\t\t<div class=\"elementor-element elementor-element-2b08b03 elementor-widget elementor-widget-heading\" data-id=\"2b08b03\" data-element_type=\"widget\" data-widget_type=\"heading.default\">\n\t\t\t\t<div class=\"elementor-widget-container\">\n\t\t\t\t\t<h2 class=\"elementor-heading-title elementor-size-default\">Nous n'utilisons pas de recettes pr\u00eates \u00e0 l'emploi.  \n<\/h2>\t\t\t\t<\/div>\n\t\t\t\t<\/div>\n\t\t\t\t<div class=\"elementor-element elementor-element-d0cf9e4 elementor-widget elementor-widget-text-editor\" data-id=\"d0cf9e4\" data-element_type=\"widget\" data-widget_type=\"text-editor.default\">\n\t\t\t\t<div class=\"elementor-widget-container\">\n\t\t\t\t\t\t\t\t\t<p>Lorsque nous travaillons avec vous, nous nous concentrons sur une seule chose : faire en sorte que le r\u00e9sultat corresponde exactement \u00e0 ce que vous souhaitiez. Chaque projet est unique et nous le construisons ensemble, \u00e9tape par \u00e9tape, en associant technologie, cr\u00e9ativit\u00e9 et passion.  <\/p>\t\t\t\t\t\t\t\t<\/div>\n\t\t\t\t<\/div>\n\t\t\t\t<\/div>\n\t\t<div class=\"elementor-element elementor-element-12150bd e-con-full e-flex e-con e-child\" data-id=\"12150bd\" data-element_type=\"container\" data-settings=\"{&quot;background_background&quot;:&quot;classic&quot;}\">\n\t\t<div class=\"elementor-element elementor-element-31fe4a3 e-con-full e-flex e-con e-child\" data-id=\"31fe4a3\" data-element_type=\"container\">\n\t\t\t\t<div class=\"elementor-element elementor-element-97553a7 elementor-widget elementor-widget-text-editor\" data-id=\"97553a7\" data-element_type=\"widget\" data-widget_type=\"text-editor.default\">\n\t\t\t\t<div class=\"elementor-widget-container\">\n\t\t\t\t\t\t\t\t\t<p>Nous sommes n\u00e9s en 2012, mais notre \u00e9quipe a les mains dans le cambouis depuis toujours : <br>techniciens, concepteurs et sp\u00e9cialistes savent exactement ce que c&rsquo;est que de travailler dans ce secteur. D\u00e9termin\u00e9, attentif et surtout passionn\u00e9.<\/p><p>Nous avons fait un choix clair : faire une chose, mais la faire bien. Uniquement des p\u00e9trins, parce que nous pensons que la sp\u00e9cialisation est la vraie force. <br>Dans un march\u00e9 qui tend \u00e0 la standardisation, nous pr\u00e9f\u00e9rons \u00e9couter : <br>nous concevons des p\u00e9trins uniques, con\u00e7us pour r\u00e9pondre aux besoins r\u00e9els de ceux qui les utiliseront.  <\/p>\t\t\t\t\t\t\t\t<\/div>\n\t\t\t\t<\/div>\n\t\t<div class=\"elementor-element elementor-element-b5725c8 e-grid e-con-full elementor-hidden-mobile e-con e-child\" data-id=\"b5725c8\" data-element_type=\"container\">\n\t\t\t\t<div class=\"elementor-element elementor-element-dfdfe56 elementor-widget elementor-widget-heading\" data-id=\"dfdfe56\" data-element_type=\"widget\" data-widget_type=\"heading.default\">\n\t\t\t\t<div class=\"elementor-widget-container\">\n\t\t\t\t\t<h5 class=\"elementor-heading-title elementor-size-default\">+ 70<\/h5>\t\t\t\t<\/div>\n\t\t\t\t<\/div>\n\t\t\t\t<div class=\"elementor-element elementor-element-248532a elementor-widget elementor-widget-heading\" data-id=\"248532a\" data-element_type=\"widget\" data-widget_type=\"heading.default\">\n\t\t\t\t<div class=\"elementor-widget-container\">\n\t\t\t\t\t<h5 class=\"elementor-heading-title elementor-size-default\">1000<\/h5>\t\t\t\t<\/div>\n\t\t\t\t<\/div>\n\t\t\t\t<div class=\"elementor-element elementor-element-94beb93 elementor-widget elementor-widget-heading\" data-id=\"94beb93\" data-element_type=\"widget\" data-widget_type=\"heading.default\">\n\t\t\t\t<div class=\"elementor-widget-container\">\n\t\t\t\t\t<h5 class=\"elementor-heading-title elementor-size-default\">30 - 400 Kg<\/h5>\t\t\t\t<\/div>\n\t\t\t\t<\/div>\n\t\t\t\t<div class=\"elementor-element elementor-element-2efa6be elementor-widget elementor-widget-text-editor\" data-id=\"2efa6be\" data-element_type=\"widget\" data-widget_type=\"text-editor.default\">\n\t\t\t\t<div class=\"elementor-widget-container\">\n\t\t\t\t\t\t\t\t\t<p>Pays desservis<\/p>\t\t\t\t\t\t\t\t<\/div>\n\t\t\t\t<\/div>\n\t\t\t\t<div class=\"elementor-element elementor-element-8fe6eaa elementor-widget elementor-widget-text-editor\" data-id=\"8fe6eaa\" data-element_type=\"widget\" data-widget_type=\"text-editor.default\">\n\t\t\t\t<div class=\"elementor-widget-container\">\n\t\t\t\t\t\t\t\t\t<p>P\u00e9trins produits chaque ann\u00e9e<\/p>\t\t\t\t\t\t\t\t<\/div>\n\t\t\t\t<\/div>\n\t\t\t\t<div class=\"elementor-element elementor-element-9587046 elementor-widget elementor-widget-text-editor\" data-id=\"9587046\" data-element_type=\"widget\" data-widget_type=\"text-editor.default\">\n\t\t\t\t<div class=\"elementor-widget-container\">\n\t\t\t\t\t\t\t\t\t<p>de p\u00e2te<\/p>\t\t\t\t\t\t\t\t<\/div>\n\t\t\t\t<\/div>\n\t\t\t\t<\/div>\n\t\t\t\t<\/div>\n\t\t\t\t<\/div>\n\t\t\t\t\t<\/div>\n\t\t\t\t<\/div>\n\t\t<div class=\"elementor-element elementor-element-a8f34a5 e-flex e-con-boxed e-con e-parent\" data-id=\"a8f34a5\" data-element_type=\"container\">\n\t\t\t\t\t<div class=\"e-con-inner\">\n\t\t<div class=\"elementor-element elementor-element-451124f e-con-full e-flex e-con e-child\" data-id=\"451124f\" data-element_type=\"container\">\n\t\t<div class=\"elementor-element elementor-element-b2702cc e-con-full e-flex e-con e-child\" data-id=\"b2702cc\" data-element_type=\"container\">\n\t\t\t\t<div class=\"elementor-element elementor-element-79f16cd elementor-widget elementor-widget-heading\" data-id=\"79f16cd\" data-element_type=\"widget\" data-widget_type=\"heading.default\">\n\t\t\t\t<div class=\"elementor-widget-container\">\n\t\t\t\t\t<h2 class=\"elementor-heading-title elementor-size-default\">Travaillez avec nous<\/h2>\t\t\t\t<\/div>\n\t\t\t\t<\/div>\n\t\t\t\t<div class=\"elementor-element elementor-element-2c8eb0a elementor-widget elementor-widget-text-editor\" data-id=\"2c8eb0a\" data-element_type=\"widget\" data-widget_type=\"text-editor.default\">\n\t\t\t\t<div class=\"elementor-widget-container\">\n\t\t\t\t\t\t\t\t\t<p>Si vous aussi vous \u00eates curieux, pr\u00e9cis <br>et passionn\u00e9, vous pourriez \u00eatre l&rsquo;ingr\u00e9dient manquant pour enrichir notre \u00e9quipe.<\/p>\t\t\t\t\t\t\t\t<\/div>\n\t\t\t\t<\/div>\n\t\t<div class=\"elementor-element elementor-element-2648a97 e-grid e-con-full e-con e-child\" data-id=\"2648a97\" data-element_type=\"container\">\n\t\t\t\t<div class=\"elementor-element elementor-element-81e0c2d elementor-shape-circle elementor-grid-1 elementor-hidden-desktop elementor-hidden-tablet elementor-hidden-mobile e-grid-align-center elementor-widget elementor-widget-social-icons\" data-id=\"81e0c2d\" data-element_type=\"widget\" data-widget_type=\"social-icons.default\">\n\t\t\t\t<div class=\"elementor-widget-container\">\n\t\t\t\t\t\t\t<div class=\"elementor-social-icons-wrapper elementor-grid\">\n\t\t\t\t\t\t\t<span class=\"elementor-grid-item\">\n\t\t\t\t\t<a class=\"elementor-icon elementor-social-icon elementor-social-icon-linkedin-in elementor-repeater-item-3ca28f3\" target=\"_blank\">\n\t\t\t\t\t\t<span class=\"elementor-screen-only\">Linkedin-in<\/span>\n\t\t\t\t\t\t<svg class=\"e-font-icon-svg e-fab-linkedin-in\" viewBox=\"0 0 448 512\" xmlns=\"http:\/\/www.w3.org\/2000\/svg\"><path d=\"M100.28 448H7.4V148.9h92.88zM53.79 108.1C24.09 108.1 0 83.5 0 53.8a53.79 53.79 0 0 1 107.58 0c0 29.7-24.1 54.3-53.79 54.3zM447.9 448h-92.68V302.4c0-34.7-.7-79.2-48.29-79.2-48.29 0-55.69 37.7-55.69 76.7V448h-92.78V148.9h89.08v40.8h1.3c12.4-23.5 42.69-48.3 87.88-48.3 94 0 111.28 61.9 111.28 142.3V448z\"><\/path><\/svg>\t\t\t\t\t<\/a>\n\t\t\t\t<\/span>\n\t\t\t\t\t<\/div>\n\t\t\t\t\t\t<\/div>\n\t\t\t\t<\/div>\n\t\t\t\t<div class=\"elementor-element elementor-element-6d5aab4 elementor-align-left elementor-hidden-desktop elementor-hidden-tablet elementor-hidden-mobile elementor-widget elementor-widget-button\" data-id=\"6d5aab4\" data-element_type=\"widget\" data-widget_type=\"button.default\">\n\t\t\t\t<div class=\"elementor-widget-container\">\n\t\t\t\t\t\t\t\t\t<div class=\"elementor-button-wrapper\">\n\t\t\t\t\t<a class=\"elementor-button elementor-button-link elementor-size-sm\" href=\"#\">\n\t\t\t\t\t\t<span class=\"elementor-button-content-wrapper\">\n\t\t\t\t\t\t\t\t\t<span class=\"elementor-button-text\">Voir les postes \u00e0 pourvoir<\/span>\n\t\t\t\t\t<\/span>\n\t\t\t\t\t<\/a>\n\t\t\t\t<\/div>\n\t\t\t\t\t\t\t\t<\/div>\n\t\t\t\t<\/div>\n\t\t\t\t<div class=\"elementor-element elementor-element-34572a1 elementor-shape-circle elementor-grid-1 e-grid-align-center elementor-widget elementor-widget-social-icons\" data-id=\"34572a1\" data-element_type=\"widget\" data-widget_type=\"social-icons.default\">\n\t\t\t\t<div class=\"elementor-widget-container\">\n\t\t\t\t\t\t\t<div class=\"elementor-social-icons-wrapper elementor-grid\">\n\t\t\t\t\t\t\t<span class=\"elementor-grid-item\">\n\t\t\t\t\t<a class=\"elementor-icon elementor-social-icon elementor-social-icon-envelope elementor-repeater-item-3ca28f3\" target=\"_blank\">\n\t\t\t\t\t\t<span class=\"elementor-screen-only\">Envelope<\/span>\n\t\t\t\t\t\t<svg class=\"e-font-icon-svg e-far-envelope\" viewBox=\"0 0 512 512\" xmlns=\"http:\/\/www.w3.org\/2000\/svg\"><path d=\"M464 64H48C21.49 64 0 85.49 0 112v288c0 26.51 21.49 48 48 48h416c26.51 0 48-21.49 48-48V112c0-26.51-21.49-48-48-48zm0 48v40.805c-22.422 18.259-58.168 46.651-134.587 106.49-16.841 13.247-50.201 45.072-73.413 44.701-23.208.375-56.579-31.459-73.413-44.701C106.18 199.465 70.425 171.067 48 152.805V112h416zM48 400V214.398c22.914 18.251 55.409 43.862 104.938 82.646 21.857 17.205 60.134 55.186 103.062 54.955 42.717.231 80.509-37.199 103.053-54.947 49.528-38.783 82.032-64.401 104.947-82.653V400H48z\"><\/path><\/svg>\t\t\t\t\t<\/a>\n\t\t\t\t<\/span>\n\t\t\t\t\t<\/div>\n\t\t\t\t\t\t<\/div>\n\t\t\t\t<\/div>\n\t\t\t\t<div class=\"elementor-element elementor-element-613ebfe elementor-align-left elementor-widget elementor-widget-button\" data-id=\"613ebfe\" data-element_type=\"widget\" data-widget_type=\"button.default\">\n\t\t\t\t<div class=\"elementor-widget-container\">\n\t\t\t\t\t\t\t\t\t<div class=\"elementor-button-wrapper\">\n\t\t\t\t\t<a class=\"elementor-button elementor-button-link elementor-size-sm\" href=\"mailto:info@lpgroup.it\">\n\t\t\t\t\t\t<span class=\"elementor-button-content-wrapper\">\n\t\t\t\t\t\t\t\t\t<span class=\"elementor-button-text\">Envoyer une candidature spontan\u00e9e<\/span>\n\t\t\t\t\t<\/span>\n\t\t\t\t\t<\/a>\n\t\t\t\t<\/div>\n\t\t\t\t\t\t\t\t<\/div>\n\t\t\t\t<\/div>\n\t\t\t\t<\/div>\n\t\t\t\t<\/div>\n\t\t<div class=\"elementor-element elementor-element-366a823 e-con-full e-flex e-con e-child\" data-id=\"366a823\" data-element_type=\"container\">\n\t\t\t\t<div class=\"elementor-element elementor-element-cc99b0f elementor-widget elementor-widget-video\" data-id=\"cc99b0f\" data-element_type=\"widget\" data-settings=\"{&quot;youtube_url&quot;:&quot;https:\\\/\\\/youtu.be\\\/wvAeu29CAE0?si=RxFWOutyA1e5Ygof&quot;,&quot;mute&quot;:&quot;yes&quot;,&quot;show_image_overlay&quot;:&quot;yes&quot;,&quot;image_overlay&quot;:{&quot;url&quot;:&quot;&quot;,&quot;id&quot;:&quot;&quot;,&quot;size&quot;:&quot;&quot;,&quot;alt&quot;:&quot;&quot;,&quot;source&quot;:&quot;library&quot;},&quot;autoplay&quot;:&quot;yes&quot;,&quot;play_on_mobile&quot;:&quot;yes&quot;,&quot;video_type&quot;:&quot;youtube&quot;}\" data-widget_type=\"video.default\">\n\t\t\t\t<div class=\"elementor-widget-container\">\n\t\t\t\t\t\t\t<div class=\"elementor-wrapper elementor-open-inline\">\n\t\t\t<div class=\"elementor-video\"><\/div>\t\t<\/div>\n\t\t\t\t\t\t<\/div>\n\t\t\t\t<\/div>\n\t\t\t\t<\/div>\n\t\t\t\t<\/div>\n\t\t\t\t\t<\/div>\n\t\t\t\t<\/div>\n\t\t\t\t<\/div>\n\t\t","protected":false},"excerpt":{"rendered":"<p>Une technologie qui fonctionne au rythme de vos d\u00e9sirs La mission Donner \u00e0 chaque client la libert\u00e9 de personnaliser, de cr\u00e9er et de r\u00e9aliser exactement ce qu&rsquo;il veut. La vision Devenez le partenaire privil\u00e9gi\u00e9 des laboratoires et des industries avec des solutions personnalis\u00e9es qui am\u00e9liorent la production. La mission Donner \u00e0 chaque client la libert\u00e9 [&hellip;]<\/p>\n","protected":false},"author":1,"featured_media":0,"parent":0,"menu_order":0,"comment_status":"closed","ping_status":"closed","template":"","meta":{"_acf_changed":false,"footnotes":""},"class_list":["post-1804","page","type-page","status-publish","hentry"],"acf":[],"yoast_head":"<!-- This site is optimized with the Yoast SEO plugin v25.4 - https:\/\/yoast.com\/wordpress\/plugins\/seo\/ -->\n<title>Entreprise - LP Group<\/title>\n<meta name=\"robots\" content=\"index, follow, max-snippet:-1, max-image-preview:large, max-video-preview:-1\" \/>\n<link rel=\"canonical\" href=\"https:\/\/www.lpgroup.it\/fr\/entreprise\/\" \/>\n<meta property=\"og:locale\" content=\"fr_FR\" \/>\n<meta property=\"og:type\" content=\"article\" \/>\n<meta property=\"og:title\" content=\"Entreprise - LP Group\" \/>\n<meta property=\"og:description\" content=\"Une technologie qui fonctionne au rythme de vos d\u00e9sirs La mission Donner \u00e0 chaque client la libert\u00e9 de personnaliser, de cr\u00e9er et de r\u00e9aliser exactement ce qu&rsquo;il veut. La vision Devenez le partenaire privil\u00e9gi\u00e9 des laboratoires et des industries avec des solutions personnalis\u00e9es qui am\u00e9liorent la production. La mission Donner \u00e0 chaque client la libert\u00e9 [&hellip;]\" \/>\n<meta property=\"og:url\" content=\"https:\/\/www.lpgroup.it\/fr\/entreprise\/\" \/>\n<meta property=\"og:site_name\" content=\"LP Group\" \/>\n<meta property=\"article:modified_time\" content=\"2025-06-24T13:27:42+00:00\" \/>\n<meta name=\"twitter:card\" content=\"summary_large_image\" \/>\n<meta name=\"twitter:label1\" content=\"Dur\u00e9e de lecture estim\u00e9e\" \/>\n\t<meta name=\"twitter:data1\" content=\"1 minute\" \/>\n<script type=\"application\/ld+json\" class=\"yoast-schema-graph\">{\"@context\":\"https:\/\/schema.org\",\"@graph\":[{\"@type\":\"WebPage\",\"@id\":\"https:\/\/www.lpgroup.it\/fr\/entreprise\/\",\"url\":\"https:\/\/www.lpgroup.it\/fr\/entreprise\/\",\"name\":\"Entreprise - LP Group\",\"isPartOf\":{\"@id\":\"https:\/\/www.lpgroup.it\/fr\/#website\"},\"datePublished\":\"2025-01-27T17:35:31+00:00\",\"dateModified\":\"2025-06-24T13:27:42+00:00\",\"breadcrumb\":{\"@id\":\"https:\/\/www.lpgroup.it\/fr\/entreprise\/#breadcrumb\"},\"inLanguage\":\"fr-FR\",\"potentialAction\":[{\"@type\":\"ReadAction\",\"target\":[\"https:\/\/www.lpgroup.it\/fr\/entreprise\/\"]}]},{\"@type\":\"BreadcrumbList\",\"@id\":\"https:\/\/www.lpgroup.it\/fr\/entreprise\/#breadcrumb\",\"itemListElement\":[{\"@type\":\"ListItem\",\"position\":1,\"name\":\"Home\",\"item\":\"https:\/\/www.lpgroup.it\/fr\/page-daccueil\/\"},{\"@type\":\"ListItem\",\"position\":2,\"name\":\"Entreprise\"}]},{\"@type\":\"WebSite\",\"@id\":\"https:\/\/www.lpgroup.it\/fr\/#website\",\"url\":\"https:\/\/www.lpgroup.it\/fr\/\",\"name\":\"LP Group\",\"description\":\"Specialisti delle impastatrici professionali\",\"publisher\":{\"@id\":\"https:\/\/www.lpgroup.it\/fr\/#organization\"},\"potentialAction\":[{\"@type\":\"SearchAction\",\"target\":{\"@type\":\"EntryPoint\",\"urlTemplate\":\"https:\/\/www.lpgroup.it\/fr\/?s={search_term_string}\"},\"query-input\":{\"@type\":\"PropertyValueSpecification\",\"valueRequired\":true,\"valueName\":\"search_term_string\"}}],\"inLanguage\":\"fr-FR\"},{\"@type\":\"Organization\",\"@id\":\"https:\/\/www.lpgroup.it\/fr\/#organization\",\"name\":\"LP Group\",\"url\":\"https:\/\/www.lpgroup.it\/fr\/\",\"logo\":{\"@type\":\"ImageObject\",\"inLanguage\":\"fr-FR\",\"@id\":\"https:\/\/www.lpgroup.it\/fr\/#\/schema\/logo\/image\/\",\"url\":\"https:\/\/www.lpgroup.it\/wp-content\/uploads\/2025\/01\/LP-Group-logo.svg\",\"contentUrl\":\"https:\/\/www.lpgroup.it\/wp-content\/uploads\/2025\/01\/LP-Group-logo.svg\",\"width\":216,\"height\":41,\"caption\":\"LP Group\"},\"image\":{\"@id\":\"https:\/\/www.lpgroup.it\/fr\/#\/schema\/logo\/image\/\"}}]}<\/script>\n<!-- \/ Yoast SEO plugin. -->","yoast_head_json":{"title":"Entreprise - LP Group","robots":{"index":"index","follow":"follow","max-snippet":"max-snippet:-1","max-image-preview":"max-image-preview:large","max-video-preview":"max-video-preview:-1"},"canonical":"https:\/\/www.lpgroup.it\/fr\/entreprise\/","og_locale":"fr_FR","og_type":"article","og_title":"Entreprise - LP Group","og_description":"Une technologie qui fonctionne au rythme de vos d\u00e9sirs La mission Donner \u00e0 chaque client la libert\u00e9 de personnaliser, de cr\u00e9er et de r\u00e9aliser exactement ce qu&rsquo;il veut. La vision Devenez le partenaire privil\u00e9gi\u00e9 des laboratoires et des industries avec des solutions personnalis\u00e9es qui am\u00e9liorent la production. La mission Donner \u00e0 chaque client la libert\u00e9 [&hellip;]","og_url":"https:\/\/www.lpgroup.it\/fr\/entreprise\/","og_site_name":"LP Group","article_modified_time":"2025-06-24T13:27:42+00:00","twitter_card":"summary_large_image","twitter_misc":{"Dur\u00e9e de lecture estim\u00e9e":"1 minute"},"schema":{"@context":"https:\/\/schema.org","@graph":[{"@type":"WebPage","@id":"https:\/\/www.lpgroup.it\/fr\/entreprise\/","url":"https:\/\/www.lpgroup.it\/fr\/entreprise\/","name":"Entreprise - LP Group","isPartOf":{"@id":"https:\/\/www.lpgroup.it\/fr\/#website"},"datePublished":"2025-01-27T17:35:31+00:00","dateModified":"2025-06-24T13:27:42+00:00","breadcrumb":{"@id":"https:\/\/www.lpgroup.it\/fr\/entreprise\/#breadcrumb"},"inLanguage":"fr-FR","potentialAction":[{"@type":"ReadAction","target":["https:\/\/www.lpgroup.it\/fr\/entreprise\/"]}]},{"@type":"BreadcrumbList","@id":"https:\/\/www.lpgroup.it\/fr\/entreprise\/#breadcrumb","itemListElement":[{"@type":"ListItem","position":1,"name":"Home","item":"https:\/\/www.lpgroup.it\/fr\/page-daccueil\/"},{"@type":"ListItem","position":2,"name":"Entreprise"}]},{"@type":"WebSite","@id":"https:\/\/www.lpgroup.it\/fr\/#website","url":"https:\/\/www.lpgroup.it\/fr\/","name":"LP Group","description":"Specialisti delle impastatrici professionali","publisher":{"@id":"https:\/\/www.lpgroup.it\/fr\/#organization"},"potentialAction":[{"@type":"SearchAction","target":{"@type":"EntryPoint","urlTemplate":"https:\/\/www.lpgroup.it\/fr\/?s={search_term_string}"},"query-input":{"@type":"PropertyValueSpecification","valueRequired":true,"valueName":"search_term_string"}}],"inLanguage":"fr-FR"},{"@type":"Organization","@id":"https:\/\/www.lpgroup.it\/fr\/#organization","name":"LP Group","url":"https:\/\/www.lpgroup.it\/fr\/","logo":{"@type":"ImageObject","inLanguage":"fr-FR","@id":"https:\/\/www.lpgroup.it\/fr\/#\/schema\/logo\/image\/","url":"https:\/\/www.lpgroup.it\/wp-content\/uploads\/2025\/01\/LP-Group-logo.svg","contentUrl":"https:\/\/www.lpgroup.it\/wp-content\/uploads\/2025\/01\/LP-Group-logo.svg","width":216,"height":41,"caption":"LP Group"},"image":{"@id":"https:\/\/www.lpgroup.it\/fr\/#\/schema\/logo\/image\/"}}]}},"_links":{"self":[{"href":"https:\/\/www.lpgroup.it\/fr\/wp-json\/wp\/v2\/pages\/1804","targetHints":{"allow":["GET"]}}],"collection":[{"href":"https:\/\/www.lpgroup.it\/fr\/wp-json\/wp\/v2\/pages"}],"about":[{"href":"https:\/\/www.lpgroup.it\/fr\/wp-json\/wp\/v2\/types\/page"}],"author":[{"embeddable":true,"href":"https:\/\/www.lpgroup.it\/fr\/wp-json\/wp\/v2\/users\/1"}],"replies":[{"embeddable":true,"href":"https:\/\/www.lpgroup.it\/fr\/wp-json\/wp\/v2\/comments?post=1804"}],"version-history":[{"count":1,"href":"https:\/\/www.lpgroup.it\/fr\/wp-json\/wp\/v2\/pages\/1804\/revisions"}],"predecessor-version":[{"id":1811,"href":"https:\/\/www.lpgroup.it\/fr\/wp-json\/wp\/v2\/pages\/1804\/revisions\/1811"}],"wp:attachment":[{"href":"https:\/\/www.lpgroup.it\/fr\/wp-json\/wp\/v2\/media?parent=1804"}],"curies":[{"name":"wp","href":"https:\/\/api.w.org\/{rel}","templated":true}]}}